{"id":2,"date":"2026-04-21T10:24:09","date_gmt":"2026-04-21T10:24:09","guid":{"rendered":"https:\/\/normalnie.org\/?page_id=2"},"modified":"2026-04-21T10:47:08","modified_gmt":"2026-04-21T10:47:08","slug":"normalnie-po-ludzku","status":"publish","type":"page","link":"https:\/\/normalnie.org\/","title":{"rendered":"Normalnie &#8211; po ludzku"},"content":{"rendered":"\n<p class=\"has-text-align-center\">Normalnie co\u015b tutaj stworzymy \ud83d\ude0a<\/p>\n\n\n\n<p class=\"has-text-align-center\">Nie wiem jeszcze dok\u0142adnie co i z kim ale wierz\u0119, \u017ce to b\u0119dzie naprawd\u0119 super \ud83d\udc9b<\/p>\n","protected":false},"excerpt":{"rendered":"<p>Normalnie co\u015b tutaj stworzymy \ud83d\ude0a Nie wiem jeszcze dok\u0142adnie co i z kim ale wierz\u0119, \u017ce to b\u0119dzie naprawd\u0119 super \ud83d\udc9b<\/p>\n","protected":false},"author":1,"featured_media":0,"parent":0,"menu_order":0,"comment_status":"closed","ping_status":"closed","template":"page-no-title","meta":{"footnotes":""},"class_list":["post-2","page","type-page","status-publish","hentry"],"_links":{"self":[{"href":"https:\/\/normalnie.org\/index.php?rest_route=\/wp\/v2\/pages\/2","targetHints":{"allow":["GET"]}}],"collection":[{"href":"https:\/\/normalnie.org\/index.php?rest_route=\/wp\/v2\/pages"}],"about":[{"href":"https:\/\/normalnie.org\/index.php?rest_route=\/wp\/v2\/types\/page"}],"author":[{"embeddable":true,"href":"https:\/\/normalnie.org\/index.php?rest_route=\/wp\/v2\/users\/1"}],"replies":[{"embeddable":true,"href":"https:\/\/normalnie.org\/index.php?rest_route=%2Fwp%2Fv2%2Fcomments&post=2"}],"version-history":[{"count":5,"href":"https:\/\/normalnie.org\/index.php?rest_route=\/wp\/v2\/pages\/2\/revisions"}],"predecessor-version":[{"id":16,"href":"https:\/\/normalnie.org\/index.php?rest_route=\/wp\/v2\/pages\/2\/revisions\/16"}],"wp:attachment":[{"href":"https:\/\/normalnie.org\/index.php?rest_route=%2Fwp%2Fv2%2Fmedia&parent=2"}],"curies":[{"name":"wp","href":"https:\/\/api.w.org\/{rel}","templated":true}]}}